{"id":164,"date":"2024-07-05T13:49:29","date_gmt":"2024-07-05T13:49:29","guid":{"rendered":"https:\/\/gsg.ndi.mybluehost.me\/?page_id=164"},"modified":"2024-07-30T17:00:36","modified_gmt":"2024-07-30T17:00:36","slug":"drowning","status":"publish","type":"page","link":"https:\/\/yazghulami.info\/tg\/linguistics\/interlinear\/drowning\/","title":{"rendered":"The Drowning Soldiers"},"content":{"rendered":"<p class=\"has-text-align-center\">For a key to the grammatical abbreviations and symbols used in this analysis, see the <a href=\"https:\/\/yazghulami.info\/tg\/linguistics\/abbrev\/\">Abbreviations<\/a> page.<\/p>\n\n\n\n<p class=\"has-medium-font-size\" style=\"font-style:normal;font-weight:700\">The Drowning Soldiers (Narrative text)<\/p>\n\n\n\n<p style=\"font-style:italic;font-weight:500\" class=\"\">Told by Ranobegim<\/p>\n\n\n\n<p class=\"\">(1) \u0251z=a t\u0259mo\u03c7=ra naql k\u0259n-in wu woqea=i<br>1SG.NOM=IND 2PL=DAT story do.NPST-1SG.AGR a event=LNK<\/p>\n\n\n\n<p class=\"\">k\u02b2e xat=i mo\u03c7=i kud w\u0259r\u0259\u0281d-\u0251 vad.<br>that near=LNK 1PL=GEN1 house pass.PST-PRF COP.PST<\/p>\n\n\n\n<p class=\"\"><strong>\u2018I will tell you a true story that happened near our house.\u2019<\/strong><\/p>\n\n\n\n<p class=\"\">(2) mo\u03c7=i kud=u \u0259n asfaltni.<br>1PL=GEN1 house=3SG.DIST.AGR in Asfaltni<\/p>\n\n\n\n<p class=\"\"><strong>\u2018Our house is on Asfaltni (Street).\u2019<\/strong><\/p>\n\n\n\n<p class=\"\">(3) xat=i mo\u03c7=i kud=u kanal.<br>near=LNK 1PL=GEN1 house=3SG.DIST.AGR canal<\/p>\n\n\n\n<p class=\"\"><strong>\u2018Near our house there is a canal.\u2019<\/strong><\/p>\n\n\n\n<p class=\"\">(4) kanal=i d\u0259\u0283anbinka kanal=i qatol=u.<br>canal=LNK Dushanbinka canal=LNK big=3SG.DIST.AGR<\/p>\n\n\n\n<p class=\"\"><strong>\u2018The Dushanbinka Canal is a big canal.\u2019<\/strong><\/p>\n\n\n\n<p class=\"\">(5) mo\u03c7=an nak na kudakai \u03c7o \u0283od,<br>1PL.NOM=1PL.AGR exactly from childhood IMPF go.PST<\/p>\n\n\n\n<p class=\"\">owbozai=jan \u03c7o k\u02b2eg.<br>swimming=1PL.AGR IMPF do.PST<\/p>\n\n\n\n<p class=\"\"><strong>\u2018From childhood we would go and swim there.\u2019<\/strong><\/p>\n\n\n\n<p class=\"\">(6) bu=an re\u03b8 wu sol=an \u0283od,<br>then=1PL.AGR then a year=1PL.AGR go.PST<\/p>\n\n\n\n<p class=\"\">\u0251z ata ni f\u0251g=at wu mi d\u0259gona tamina vad=at<br>1SG.NOM and 1SG.GEN1 sister=and a 3SG.F.GEN1 F.friend Tamina COP.PST=and<\/p>\n\n\n\n<p class=\"\">\u03c7ai, ni f\u0251g=i n\u0259m \u0283alo.<br>well 1SG.GEN1 sister=LNK name Shalo<\/p>\n\n\n\n<p class=\"\"><strong>\u2018So then one year we went, me and my sister and a friend of hers, Tamina, were there and\u2026 well, my sister\u2019s name is Shalo.\u2019<\/strong><\/p>\n\n\n\n<p class=\"\">(7) ka\u0283 vad, ai pixin \u0259nda vad.<br>hot COP.PST 3SG.PROX.NOM noon there COP.PST<\/p>\n\n\n\n<p class=\"\"><strong>\u2018It was hot, it was noon there.\u2019<\/strong><\/p>\n\n\n\n<p class=\"\">(8) it\u0361\u0283ki=an wi\u03c7-an na-vad,<br>nobody=3PL.AGR man-PL NEG-COP.PST<\/p>\n\n\n\n<p class=\"\">wi\u03c7-an=an k\u0259l d\u0259r=i mat\u0361\u0283it \u0283\u0259d-\u0251 vad.<br>man-PL=3PL.AGR all in-LNK mosque go.PST-PRF COP.PST<\/p>\n\n\n\n<p class=\"\"><strong>\u2018No men were there, all the men had gone into the mosque.\u2019<\/strong><\/p>\n\n\n\n<p class=\"\">(9) \u0283od=an mo\u03c7 waz-ad\u0361\u0292.<br>go.PST=1PL.AGR 1PL.NOM swim.NPST-INF<\/p>\n\n\n\n<p class=\"\"><strong>\u2018We went swimming.\u2019<\/strong><\/p>\n\n\n\n<p class=\"\">(10) waz-ad\u0361\u0292=an \u0283od, wext=an, \u03c7ela=an wext.<br>swim.NPST-INF=1PL.AGR go.PST swim.PST=1PL.AGR very=1PL.AGR swim.PST<\/p>\n\n\n\n<p class=\"\"><strong>\u2018We went swimming, we swam, we swam a lot.\u2019<\/strong><\/p>\n\n\n\n<p class=\"\">(11) \u03c7ai, \u03c7e\u03c7 d\u0361\u0292a \u0281\u0259l vad.<br>so water also deep COP.PST<\/p>\n\n\n\n<p class=\"\"><strong>\u2018So, the water was also deep.\u2019<\/strong><\/p>\n\n\n\n<p class=\"\">(12) bu=an n\u0259mo\u03c7t \u0259n ka\u0283ai ma \u03c7\u0259srig=a<br>then=1PL.AGR go.out.PST in warmth on sand=and<\/p>\n\n\n\n<p class=\"\">d\u0251m=an \u03c7o ma \u03c7\u0259srig \u00f0ed=a t\u0361\u0283aqt\u0361\u0283aq=an \u03c7o k\u02b2eg.<br>rest=1PL.AGR IMPF on sand hit.PST=and chat=1PL.AGR IMPF do.PST<\/p>\n\n\n\n<p class=\"\"><strong>\u2018Then we got out, we were resting in the heat on the sand and we were in the sand and we were chatting.\u2019<\/strong><\/p>\n\n\n\n<p class=\"\">(13) kuxt=an k\u02b2e xat=i mo\u03c7=i kud wu vaijeni t\u0361\u0283ast mo\u03c7 laf-ek vad,<br>look.PST=1PL.AGR that near=LNK 1PL=GEN1 house a military unit 1PL.NOM say.NPST-PTCP COP.PST<\/p>\n\n\n\n<p class=\"\">wu d\u0361\u0292ajan=e ki saldat-en=an \u0259nda vad.<br>a place=REL.LNK that soldier-PL=3PL.AGR there COP.PST<\/p>\n\n\n\n<p class=\"\"><strong>\u2018We saw that near our house a military unit, as we call it, was there, a place where there were soldiers.\u2019<\/strong><\/p>\n\n\n\n<p class=\"\">(14) \u0259nda \u03c7o \u03c7izmat=\u0259f \u03c7o saldat-en k\u02b2eg.<br>there IMPF service=3PL.AGR IMPF soldier-PL do.PST<\/p>\n\n\n\n<p class=\"\"><strong>\u2018The soldiers would serve there.\u2019<\/strong><\/p>\n\n\n\n<p class=\"\">(15) bu=an nak du ka\u0283ai \u0259nda wu t\u0361\u0283er saldat fud=at jat=\u0259f,<br>then=1PL.AGR exactly the warmth there a four soldier descend.PST=and come.PST=3PL.AGR<\/p>\n\n\n\n<p class=\"\">owbozai=\u0259f k\u02b2eg.<br>swimming=3PL.AGR do.PST<\/p>\n\n\n\n<p class=\"\"><strong>\u2018Then in the heat there again some four soldiers descended and came; they swam.\u2019<\/strong><\/p>\n\n\n\n<p class=\"\">(16) du \u00f0ow=an \u0283od.<br>the two=3PL.AGR go.PST<\/p>\n\n\n\n<p class=\"\"><strong>\u2018Two of them left.\u2019<\/strong><\/p>\n\n\n\n<p class=\"\">(17) du \u00f0ow=an \u0283od=at bu=an du \u00f0ow=i d\u0259ge da\u0281d.<br>the two=3PL.AGR go.PST=and then=3PL.AGR the two=LNK other enter.PST<\/p>\n\n\n\n<p class=\"\"><strong>\u2018Two of them left and then the other other two entered the water.\u2019<\/strong><\/p>\n\n\n\n<p class=\"\">(18) du \u00f0ow=i d\u0259ge=an da\u0281d d\u0259r=i \u03c7e\u03c7,<br>the two=LNK other=3PL.AGR enter.PST in=LNK water<\/p>\n\n\n\n<p class=\"\">nak d\u0259r du \u0281\u0259lai=jan da\u0281d jo na ik\u02b2e.<br>exactly in the depth=3PL.AGR enter.PST or not thus<\/p>\n\n\n\n<p class=\"\"><strong>\u2018The other two entered the water, entered right into the deep part or so.\u2019<\/strong><\/p>\n\n\n\n<p class=\"\">(19) \u0259n dar\u0259n=i \u03c7e\u03c7=an, qarib=i k\u02b2e \u0259n dar\u0259n=i \u03c7e\u03c7 \u0263arq v-\u0251n.<br>in inside=LNK water=3PL.AGR almost=LNK that in inside=LNK water drowned become.NPST-3PL.AGR<\/p>\n\n\n\n<p class=\"\"><strong>\u2018They\u2019re inside (i.e. under) the water, they almost drown in the water.\u2019<\/strong><\/p>\n\n\n\n<p class=\"\">(20) \u03c7e\u03c7 \u0292=if ajes-t.<br>water ACC=3PL.DIST carry.NPST-3SG.AGR<\/p>\n\n\n\n<p class=\"\"><strong>\u2018The water takes them.\u2019<\/strong><\/p>\n\n\n\n<p class=\"\">(21) nak du t\u0361\u0283\u0259q\u0259rai=da \u0292=if \u03c7\u0259rax-t.<br>exactly the depth=IND ACC=3PL.DIST pull.NPST-3SG.AGR<\/p>\n\n\n\n<p class=\"\"><strong>\u2018It pulls them right into the deep part.\u2019<\/strong><\/p>\n\n\n\n<p class=\"\">(22) mo\u03c7=an nist-\u0251, t\u0361\u0283aqt\u0361\u0283aq=ta k\u0259n-\u0259m.<br>1PL.NOM=1PL.AGR sit.PST-PRF chatting= IND do.NPST-1PL.AGR<\/p>\n\n\n\n<p class=\"\"><strong>\u2018We\u2019re sitting and chatting.\u2019<\/strong><\/p>\n\n\n\n<p class=\"\">(23) nak d\u0259mba=da k\u02b2as-\u0259m<br>exactly so.much=IND look.NPST-1PL.AGR<\/p>\n\n\n\n<p class=\"\">k\u02b2e \u03c7i \u00f0ust=ama=da \u03c7e\u03c7=ra t\u0361\u0283ap t\u0361\u0283ap t\u0361\u0283ap daj-an.<br>that REFL.GEN1 hand=with=IND water=DAT slap slap slap hit.NPST-3PL.AGR<\/p>\n\n\n\n<p class=\"\"><strong>\u2018We just see that with their hands they\u2019re hitting the water slap slap slap.\u2019<\/strong><\/p>\n\n\n\n<p class=\"\">(24) \u03c7e\u03c7=ra=da t\u0361\u0283ap t\u0361\u0283ap daj-an<br>water=DAT=IND slap slap hit.NPST-3PL.AGR<\/p>\n\n\n\n<p class=\"\">ata qe\u0281\u0259r=u if=me qe\u0281\u0259r=u if=me<br>and shout=3SG.DIST.AGR 3PL.DIST=GEN2 shout=3SG.DIST.AGR 3PL.DIST=GEN2<\/p>\n\n\n\n<p class=\"\">\u0259 jordam k\u0259n-it, jordam k\u0259n-it.<br>oh help do.NPST-2PL.AGR help do.NPST-2PL.AGR<\/p>\n\n\n\n<p class=\"\"><strong>\u2018They\u2019re slapping the water and they shout and shout, \u201cHelp! Help!\u201d\u2019<\/strong><\/p>\n\n\n\n<p class=\"\">(25) \u0251z=a d\u0259mba waz-ad\u0361\u0292=i \u03c7\u0259b \u03c7ai na-bas-in,<br>1SG.NOM=IND so.much swim.NPST-INF=LNK good so NEG-be.able.NPST-1SG.AGR<\/p>\n\n\n\n<p class=\"\">nekin tamina ata \u0283alo=an \u0281az-arm \u0283od<br>but Tamina and Shalo=3PL.AGR run.NPST-PTCP go.PST<\/p>\n\n\n\n<p class=\"\">ata da\u0281d=an d\u0259r du \u03c7e\u03c7.<br>and enter.PST=3PL.AGR in the water<\/p>\n\n\n\n<p class=\"\"><strong>\u2018I can\u2019t swim very well myself, but Tamina and Shalo went running and entered the water.\u2019<\/strong><\/p>\n\n\n\n<p class=\"\">(26) d\u0259r du \u03c7e\u03c7=an da\u0281d ata<br>in the water=3PL.AGR enter.PST and<\/p>\n\n\n\n<p class=\"\">nak na du \u00f0ow saldat=\u0259f nijud ata<br>exactly from the two soldier=3PL.AGR grasp.PST<\/p>\n\n\n\n<p class=\"\">\u03c7\u0259rax-an=da, \u03c7\u0259rax-an=da.<br>and pull.NPST-3PL.AGR=IND pull.NPST-3PL.AGR=IND<\/p>\n\n\n\n<p class=\"\"><strong>\u2018They entered the water and just grabbed the two soldiers and they pull them, they pull them.\u2019<\/strong><\/p>\n\n\n\n<p class=\"\">(27) \u03c7ai dif=an \u0281\u0259t\u0361\u0283k\u02b2-e\u0292g=i jo\u0283, ponzda sola \u0283onzda sola nak d\u0259mba=an.<br>so 3PL.PROX=3PL.AGR girl-PL=LNK young fifteen years.old sixteen years.old exactly so.much=3PL.AGR<\/p>\n\n\n\n<p class=\"\"><strong>\u2018So, they\u2019re young girls, fifteen, sixteen years old or so.\u2019<\/strong><\/p>\n\n\n\n<p class=\"\">(28) d\u0259mba=da k\u02b2e \u03c7\u0259rax-an; \u0281\u0259r\u0259n=an b\u0259t\u0361\u0283k\u02b2-en.<br>so.much=IND that pull.NPST-3PL.AGR heavy=3PL.AGR boy-PL<\/p>\n\n\n\n<p class=\"\"><strong>\u2018They pull them so much; they\u2019re heavy guys.\u2019<\/strong><\/p>\n\n\n\n<p class=\"\">(29) bu=\u0259f wu azob qatai zext ata \u03c7\u0259raxt=at<br>then=3PL.AGR a difficulty with take.PST and pull.PST=and<\/p>\n\n\n\n<p class=\"\">v\u0259g=\u0259f, v\u0259g=\u0259f nak ma du darjo=i zam=\u0259f v\u0259g<br>bring.PST=3PL.AGR bring.PST=3PL.AGR exactly on the river=LNK bank=3PL.AGR bring.PST<\/p>\n\n\n\n<p class=\"\">ata pze=\u0259f d\u0251m \u00f0ed.<br>and little=3PL.AGR breath hit.PST<\/p>\n\n\n\n<p class=\"\"><strong>\u2018Then with difficulty they took them and pulled them, they brought them; they brought them right on to the river bank and they caught their breath a little.\u2019<\/strong><\/p>\n\n\n\n<p class=\"\">(30) du b\u0259t\u0361\u0283k\u02b2-en=i \u0259x qarib \u0283\u0259d-\u0251 na fi kal,<br>the boy.PL=LNK mind almost go.PST-PRF from 3PL.GEN1 head<\/p>\n\n\n\n<p class=\"\">\u03c7e\u03c7 \u0259n fi \u0283am \u0263am m\u0259d-\u0251.<br>water in 3PL.GEN1 stomach full become.PST-PRF<\/p>\n\n\n\n<p class=\"\"><strong>\u2018The guys had almost passed out, their bellies were full of water.\u2019<\/strong><\/p>\n\n\n\n<p class=\"\">(31) \u03c7\u0259raxt=an=at ajed=an ma du \u03c7\u0259srig\u02b2=i ka\u0283ai.<br>pull.PST=3PL.AGR=and carry.PST=3PL.AGR on the sand=LNK warmth<\/p>\n\n\n\n<p class=\"\"><strong>\u2018They pulled and brought them onto the warm sand.\u2019<\/strong><\/p>\n\n\n\n<p class=\"\">(32) \u03c7ai, \u0259f=i lond\u0361\u0292 \u0283tu=an \u00f0ed=a \u00f0ed=a \u00f0ed=at<br>so 3PL.DIST=GEN1 cheek thus=3PL.AGR hit.PST=and hit.PST=and hit.PST=and<\/p>\n\n\n\n<p class=\"\">\u0259f=i \u00f0ust-must=an jo\u0281a harakat \u0259nda=an awad=at<br>3PL.DIST=GEN1 hand-REDUP=3PL.AGR like.this movement there=3PL.AGR put.PST=and<\/p>\n\n\n\n<p class=\"\">\u0259f=i \u0283am=an \u0292\u0259qt=a \u0292\u0259qt=a \u0292\u0259qt.<br>3PL.DIST=GEN1 stomach=3PL.AGR compress.PST=and compress.PST=and compress.PST<\/p>\n\n\n\n<p class=\"\"><strong>\u2018So, they slapped their faces repeatedly, and they put their hands and all in motion like this, and they compressed and compressed and compressed their stomachs.\u2019<\/strong><\/p>\n\n\n\n<p class=\"\">(33) na fi \u0281ax \u03c7e\u03c7 n\u0259mo\u03c7t.<br>from 3PL.GEN1 mouth water go.out.PST<\/p>\n\n\n\n<p class=\"\"><strong>\u2018From their mouths the water came out.\u2019<\/strong><\/p>\n\n\n\n<p class=\"\">(34) \u0259nk\u02b2o soz=an mad=at<br>thus healthy=3PL.AGR become.PST=and<\/p>\n\n\n\n<p class=\"\">ba \u0259x=an jat=at<br>to consciousness=3PL.AGR come.PST=and<\/p>\n\n\n\n<p class=\"\">\u03c7i t\u0361\u0283\u0251m=\u0259f ow k\u02b2eg.<br>REFL.GEN1 eye=3PL.AGR open do.PST<\/p>\n\n\n\n<p class=\"\"><strong>\u2018And so they recovered like this and they returned to consciousness and they opened their eyes.\u2019<\/strong><\/p>\n\n\n\n<p class=\"\">(35) \u03c7i t\u0361\u0283\u0251m=\u0259f k\u02b2e ow k\u02b2eg, daraw=\u0259f re\u03b8 laft k\u02b2e<br>REFL.GEN1 eye=3PL.AGR that open do.PST quickly=3PL.AGR then say.PST that<\/p>\n\n\n\n<p class=\"\">ej apa, t\u0259mo\u03c7 k\u02b7onda iki owbozai jod nijad-\u0251?<br>oh older.sister 2PL.NOM where like.this swimming learning grasp.PST-PRF<\/p>\n\n\n\n<p class=\"\"><strong>\u2018When they opened their eyes, they immediately said, \u201cOh older-sister! where did you learn to swim like this?\u201d\u2019<\/strong><\/p>\n\n\n\n<p class=\"\">(36) mo\u03c7 laft k\u02b2e mo\u03c7 owbozai nak na kudakai wanda jod nijad-\u0251.<br>1PL.NOM say.PST that 1PL.NOM swimming exactly from childhood here learning grasp.PST-PRF<\/p>\n\n\n\n<p class=\"\"><strong>\u2018We said that from childhood we had learned to swim here.\u2019<\/strong><\/p>\n\n\n\n<p class=\"\">(37) \u0259ndo\u0281d=an, \u03c7i laq-\u0251\u03b8-paq-\u0251\u03b8=\u0259f n\u0259\u0281\u02b7ost=at,<br>get.up.PST=3PL.AGR REFL.GEN1 clothing-PL-REDUP-PL=3PL.AGR put.on.PST=and<\/p>\n\n\n\n<p class=\"\">mo\u03c7=ra=\u0259f rahmat=i kalon laft=at,<br>1PL=DAT=3PL.AGR thanks=LNK big say.PST=and<\/p>\n\n\n\n<p class=\"\">oista oista=an pai bad-ad\u0361\u0292 mad=at<br>slowly slowly=3PL.AGR on.foot go.NPST-INF become.PST=and<\/p>\n\n\n\n<p class=\"\">ni f\u0251g \u0283alo ata tamina \u0283u\u03c7ai k\u02b2eg, k\u02b2\u0259n\u0251<br>1SG.GEN1 sister Shalo and Tamina joking do.PST, saying<\/p>\n\n\n\n<p class=\"\">ej b\u0259t\u0361\u0283k\u02b2-en, ma\u0283 waz-ad\u0361\u0292 na-zaj-it!<br>oh boy-PL more swim.NPST-INF NEG-come-2PL.AGR<\/p>\n\n\n\n<p class=\"\"><strong>\u2018They stood up and they put on their clothes and things and they thanked us very much and slowly slowly walked away, and my sister Shalo and Tamina joked and said, \u201cHey guys! Don\u2019t come swimming again!\u201d\u2019<\/strong><\/p>\n\n\n\n<p class=\"\">(38) mail\u0259\u0283 apa ai laft; <br>okay older.sister 3SG.PROX.NOM say.PST <\/p>\n\n\n\n<p class=\"\">mail\u0259\u0283 \u03c7ai, ma\u0283=a waz-ad\u0361\u0292 na-zai-\u0259m.<br>okay so, anymore=IND swim.NPST-INF NEG-come.NPST-1PL.AGR<\/p>\n\n\n\n<p class=\"\"><strong>\u2018\u201cOk sister,\u201d they said. \u201cOk, yeah, we won\u2019t come swimming again.\u201d\u2019<\/strong><\/p>\n\n\n\n<p class=\"\">(39) \u0283od=an if.<br>go.PST 3PL.PROX.NOM<\/p>\n\n\n\n<p class=\"\"><strong>\u2018They left.\u2019<\/strong><\/p>\n\n\n\n<p class=\"\">(40) mo\u03c7=an bu d\u0361\u0292a \u03c7i laq-\u0251\u03b8 n\u0259\u0281\u02b7ost=at,<br>1PL.NOM=1PL.AGR then also REFL.GEN1 clothing-PL put.on.PST=and<\/p>\n\n\n\n<p class=\"\">f\u0259rawd=an \u03c7i qawd-pawd=at,<br>rinse.PST=1PL.AGR REFL.GEN1 dress-REDUP=and<\/p>\n\n\n\n<p class=\"\">\u0259ndo\u0281d=a \u0283od=an i kud.<br>get.up.PST=and go.PST=1PL.AGR to house<\/p>\n\n\n\n<p class=\"\"><strong>\u2018We then also put on our clothes and we rinsed off our dresses and things, and we got up and went home.\u2019<\/strong><\/p>","protected":false},"excerpt":{"rendered":"<p>For a key to the grammatical abbreviations and symbols used in this analysis, see the Abbreviations page. The Drowning Soldiers (Narrative text) Told by Ranobegim (1) \u0251z=a t\u0259mo\u03c7=ra naql k\u0259n-in wu woqea=i1SG.NOM=IND 2PL=DAT story do.NPST-1SG.AGR a event=LNK k\u02b2e xat=i mo\u03c7=i<\/p>","protected":false},"author":1,"featured_media":0,"parent":162,"menu_order":1,"comment_status":"closed","ping_status":"closed","template":"","meta":{"nf_dc_page":"","om_disable_all_campaigns":false,"_monsterinsights_skip_tracking":false,"_monsterinsights_sitenote_active":false,"_monsterinsights_sitenote_note":"","_monsterinsights_sitenote_category":0,"footnotes":""},"class_list":["post-164","page","type-page","status-publish","hentry"],"yoast_head":"<!-- This site is optimized with the Yoast SEO plugin v27.4 - https:\/\/yoast.com\/product\/yoast-seo-wordpress\/ -->\n<title>The Drowning Soldiers - The Yazghulami Language<\/title>\n<meta name=\"robots\" content=\"index, follow, max-snippet:-1, max-image-preview:large, max-video-preview:-1\" \/>\n<link rel=\"canonical\" href=\"https:\/\/yazghulami.info\/tg\/linguistics\/interlinear\/drowning\/\" \/>\n<meta property=\"og:locale\" content=\"en_US\" \/>\n<meta property=\"og:type\" content=\"article\" \/>\n<meta property=\"og:title\" content=\"The Drowning Soldiers - The Yazghulami Language\" \/>\n<meta property=\"og:description\" content=\"For a key to the grammatical abbreviations and symbols used in this analysis, see the Abbreviations page. The Drowning Soldiers (Narrative text) Told by Ranobegim (1) \u0251z=a t\u0259mo\u03c7=ra naql k\u0259n-in wu woqea=i1SG.NOM=IND 2PL=DAT story do.NPST-1SG.AGR a event=LNK k\u02b2e xat=i mo\u03c7=i\" \/>\n<meta property=\"og:url\" content=\"https:\/\/yazghulami.info\/tg\/linguistics\/interlinear\/drowning\/\" \/>\n<meta property=\"og:site_name\" content=\"The Yazghulami Language\" \/>\n<meta property=\"article:modified_time\" content=\"2024-07-30T17:00:36+00:00\" \/>\n<meta name=\"twitter:card\" content=\"summary_large_image\" \/>\n<meta name=\"twitter:label1\" content=\"Est. reading time\" \/>\n\t<meta name=\"twitter:data1\" content=\"6 minutes\" \/>\n<script type=\"application\/ld+json\" class=\"yoast-schema-graph\">{\"@context\":\"https:\\\/\\\/schema.org\",\"@graph\":[{\"@type\":\"WebPage\",\"@id\":\"https:\\\/\\\/yazghulami.info\\\/linguistics\\\/interlinear\\\/drowning\\\/\",\"url\":\"https:\\\/\\\/yazghulami.info\\\/linguistics\\\/interlinear\\\/drowning\\\/\",\"name\":\"The Drowning Soldiers - The Yazghulami Language\",\"isPartOf\":{\"@id\":\"https:\\\/\\\/yazghulami.info\\\/#website\"},\"datePublished\":\"2024-07-05T13:49:29+00:00\",\"dateModified\":\"2024-07-30T17:00:36+00:00\",\"breadcrumb\":{\"@id\":\"https:\\\/\\\/yazghulami.info\\\/linguistics\\\/interlinear\\\/drowning\\\/#breadcrumb\"},\"inLanguage\":\"tg\",\"potentialAction\":[{\"@type\":\"ReadAction\",\"target\":[\"https:\\\/\\\/yazghulami.info\\\/linguistics\\\/interlinear\\\/drowning\\\/\"]}]},{\"@type\":\"BreadcrumbList\",\"@id\":\"https:\\\/\\\/yazghulami.info\\\/linguistics\\\/interlinear\\\/drowning\\\/#breadcrumb\",\"itemListElement\":[{\"@type\":\"ListItem\",\"position\":1,\"name\":\"Home\",\"item\":\"https:\\\/\\\/yazghulami.info\\\/\"},{\"@type\":\"ListItem\",\"position\":2,\"name\":\"Language\",\"item\":\"https:\\\/\\\/yazghulami.info\\\/linguistics\\\/\"},{\"@type\":\"ListItem\",\"position\":3,\"name\":\"Interlinearized Texts\",\"item\":\"https:\\\/\\\/yazghulami.info\\\/linguistics\\\/interlinear\\\/\"},{\"@type\":\"ListItem\",\"position\":4,\"name\":\"The Drowning Soldiers\"}]},{\"@type\":\"WebSite\",\"@id\":\"https:\\\/\\\/yazghulami.info\\\/#website\",\"url\":\"https:\\\/\\\/yazghulami.info\\\/\",\"name\":\"The Yazghulami Language\",\"description\":\"Celebrating the Yazghulami language and culture and advancing its development.\",\"publisher\":{\"@id\":\"https:\\\/\\\/yazghulami.info\\\/#organization\"},\"potentialAction\":[{\"@type\":\"SearchAction\",\"target\":{\"@type\":\"EntryPoint\",\"urlTemplate\":\"https:\\\/\\\/yazghulami.info\\\/?s={search_term_string}\"},\"query-input\":{\"@type\":\"PropertyValueSpecification\",\"valueRequired\":true,\"valueName\":\"search_term_string\"}}],\"inLanguage\":\"tg\"},{\"@type\":\"Organization\",\"@id\":\"https:\\\/\\\/yazghulami.info\\\/#organization\",\"name\":\"The Yazghulami Language\",\"url\":\"https:\\\/\\\/yazghulami.info\\\/\",\"logo\":{\"@type\":\"ImageObject\",\"inLanguage\":\"tg\",\"@id\":\"https:\\\/\\\/yazghulami.info\\\/#\\\/schema\\\/logo\\\/image\\\/\",\"url\":\"https:\\\/\\\/i0.wp.com\\\/yazghulami.info\\\/wp-content\\\/uploads\\\/2024\\\/07\\\/cropped-cropped-cropped-android-chrome-90x90-1.png?fit=90%2C90&ssl=1\",\"contentUrl\":\"https:\\\/\\\/i0.wp.com\\\/yazghulami.info\\\/wp-content\\\/uploads\\\/2024\\\/07\\\/cropped-cropped-cropped-android-chrome-90x90-1.png?fit=90%2C90&ssl=1\",\"width\":90,\"height\":90,\"caption\":\"The Yazghulami Language\"},\"image\":{\"@id\":\"https:\\\/\\\/yazghulami.info\\\/#\\\/schema\\\/logo\\\/image\\\/\"}}]}<\/script>\n<!-- \/ Yoast SEO plugin. -->","yoast_head_json":{"title":"The Drowning Soldiers - The Yazghulami Language","robots":{"index":"index","follow":"follow","max-snippet":"max-snippet:-1","max-image-preview":"max-image-preview:large","max-video-preview":"max-video-preview:-1"},"canonical":"https:\/\/yazghulami.info\/tg\/linguistics\/interlinear\/drowning\/","og_locale":"en_US","og_type":"article","og_title":"The Drowning Soldiers - The Yazghulami Language","og_description":"For a key to the grammatical abbreviations and symbols used in this analysis, see the Abbreviations page. The Drowning Soldiers (Narrative text) Told by Ranobegim (1) \u0251z=a t\u0259mo\u03c7=ra naql k\u0259n-in wu woqea=i1SG.NOM=IND 2PL=DAT story do.NPST-1SG.AGR a event=LNK k\u02b2e xat=i mo\u03c7=i","og_url":"https:\/\/yazghulami.info\/tg\/linguistics\/interlinear\/drowning\/","og_site_name":"The Yazghulami Language","article_modified_time":"2024-07-30T17:00:36+00:00","twitter_card":"summary_large_image","twitter_misc":{"Est. reading time":"6 minutes"},"schema":{"@context":"https:\/\/schema.org","@graph":[{"@type":"WebPage","@id":"https:\/\/yazghulami.info\/linguistics\/interlinear\/drowning\/","url":"https:\/\/yazghulami.info\/linguistics\/interlinear\/drowning\/","name":"The Drowning Soldiers - The Yazghulami Language","isPartOf":{"@id":"https:\/\/yazghulami.info\/#website"},"datePublished":"2024-07-05T13:49:29+00:00","dateModified":"2024-07-30T17:00:36+00:00","breadcrumb":{"@id":"https:\/\/yazghulami.info\/linguistics\/interlinear\/drowning\/#breadcrumb"},"inLanguage":"tg","potentialAction":[{"@type":"ReadAction","target":["https:\/\/yazghulami.info\/linguistics\/interlinear\/drowning\/"]}]},{"@type":"BreadcrumbList","@id":"https:\/\/yazghulami.info\/linguistics\/interlinear\/drowning\/#breadcrumb","itemListElement":[{"@type":"ListItem","position":1,"name":"Home","item":"https:\/\/yazghulami.info\/"},{"@type":"ListItem","position":2,"name":"Language","item":"https:\/\/yazghulami.info\/linguistics\/"},{"@type":"ListItem","position":3,"name":"Interlinearized Texts","item":"https:\/\/yazghulami.info\/linguistics\/interlinear\/"},{"@type":"ListItem","position":4,"name":"The Drowning Soldiers"}]},{"@type":"WebSite","@id":"https:\/\/yazghulami.info\/#website","url":"https:\/\/yazghulami.info\/","name":"\u0417\u0430\u0431\u043e\u043d\u0438 \u044f\u0437\u0493\u0443\u043b\u043e\u043c\u04e3","description":"\u041c\u043e \u0431\u0430 \u0437\u0430\u0431\u043e\u043d \u0432\u0430 \u0444\u0430\u0440\u04b3\u0430\u043d\u0433\u0438 \u044f\u0437\u0493\u0443\u043b\u043e\u043c\u04e3 \u044d\u04b3\u0442\u0438\u0440\u043e\u043c \u043c\u0435\u0433\u0443\u0437\u043e\u0440\u0435\u043c \u0432\u0430 \u0440\u0443\u0448\u0434\u0438 \u043e\u043d\u0440\u043e \u043f\u0435\u0448 \u043c\u0435\u0431\u0430\u0440\u0435\u043c.","publisher":{"@id":"https:\/\/yazghulami.info\/#organization"},"potentialAction":[{"@type":"SearchAction","target":{"@type":"EntryPoint","urlTemplate":"https:\/\/yazghulami.info\/?s={search_term_string}"},"query-input":{"@type":"PropertyValueSpecification","valueRequired":true,"valueName":"search_term_string"}}],"inLanguage":"tg"},{"@type":"Organization","@id":"https:\/\/yazghulami.info\/#organization","name":"\u0417\u0430\u0431\u043e\u043d\u0438 \u044f\u0437\u0493\u0443\u043b\u043e\u043c\u04e3","url":"https:\/\/yazghulami.info\/","logo":{"@type":"ImageObject","inLanguage":"tg","@id":"https:\/\/yazghulami.info\/#\/schema\/logo\/image\/","url":"https:\/\/i0.wp.com\/yazghulami.info\/wp-content\/uploads\/2024\/07\/cropped-cropped-cropped-android-chrome-90x90-1.png?fit=90%2C90&ssl=1","contentUrl":"https:\/\/i0.wp.com\/yazghulami.info\/wp-content\/uploads\/2024\/07\/cropped-cropped-cropped-android-chrome-90x90-1.png?fit=90%2C90&ssl=1","width":90,"height":90,"caption":"The Yazghulami Language"},"image":{"@id":"https:\/\/yazghulami.info\/#\/schema\/logo\/image\/"}}]}},"jetpack_sharing_enabled":true,"_links":{"self":[{"href":"https:\/\/yazghulami.info\/tg\/wp-json\/wp\/v2\/pages\/164","targetHints":{"allow":["GET"]}}],"collection":[{"href":"https:\/\/yazghulami.info\/tg\/wp-json\/wp\/v2\/pages"}],"about":[{"href":"https:\/\/yazghulami.info\/tg\/wp-json\/wp\/v2\/types\/page"}],"author":[{"embeddable":true,"href":"https:\/\/yazghulami.info\/tg\/wp-json\/wp\/v2\/users\/1"}],"replies":[{"embeddable":true,"href":"https:\/\/yazghulami.info\/tg\/wp-json\/wp\/v2\/comments?post=164"}],"version-history":[{"count":5,"href":"https:\/\/yazghulami.info\/tg\/wp-json\/wp\/v2\/pages\/164\/revisions"}],"predecessor-version":[{"id":475,"href":"https:\/\/yazghulami.info\/tg\/wp-json\/wp\/v2\/pages\/164\/revisions\/475"}],"up":[{"embeddable":true,"href":"https:\/\/yazghulami.info\/tg\/wp-json\/wp\/v2\/pages\/162"}],"wp:attachment":[{"href":"https:\/\/yazghulami.info\/tg\/wp-json\/wp\/v2\/media?parent=164"}],"curies":[{"name":"wp","href":"https:\/\/api.w.org\/{rel}","templated":true}]}}